{"id":86,"date":"2020-03-23T11:30:41","date_gmt":"2020-03-23T11:30:41","guid":{"rendered":"https:\/\/demosites.io\/rokophoto-gb\/?page_id=86"},"modified":"2021-11-02T20:31:09","modified_gmt":"2021-11-02T19:31:09","slug":"98ee9-home","status":"publish","type":"page","link":"https:\/\/www.mkcautomatyka.pl\/","title":{"rendered":"Home"},"content":{"rendered":"\n<div class=\"wp-block-themeisle-blocks-advanced-columns alignfull has-1-columns has-desktop-equal-layout has-tablet-equal-layout has-mobile-equal-layout has-default-gap has-vertical-unset\" id=\"wp-block-themeisle-blocks-advanced-columns-427f53fe\"><div class=\"wp-block-themeisle-blocks-advanced-columns-overlay\"><\/div><div class=\"innerblocks-wrap\">\n<div class=\"wp-block-themeisle-blocks-advanced-column\" id=\"wp-block-themeisle-blocks-advanced-column-e917b60f\">\n<h2 id=\"wp-block-themeisle-blocks-advanced-heading-085cae8d\" class=\"wp-block-themeisle-blocks-advanced-heading wp-block-themeisle-blocks-advanced-heading-085cae8d\">MKCautomatyka<\/h2>\n\n\n\n<p class=\"has-text-align-center has-white-color has-text-color\" style=\"font-size:27px\">Instalacje elektryczne<\/p>\n<\/div>\n<\/div><\/div>\n\n\n\n<div class=\"wp-block-themeisle-blocks-advanced-columns has-1-columns has-desktop-equal-layout has-tablet-equal-layout has-mobile-equal-layout has-default-gap has-vertical-unset\" id=\"wp-block-themeisle-blocks-advanced-columns-62386cc2\"><div class=\"wp-block-themeisle-blocks-advanced-columns-overlay\"><\/div><div class=\"innerblocks-wrap\">\n<div class=\"wp-block-themeisle-blocks-advanced-column\" id=\"wp-block-themeisle-blocks-advanced-column-bc41f929\">\n<h2 id=\"wp-block-themeisle-blocks-advanced-heading-bc36dd7f\" class=\"wp-block-themeisle-blocks-advanced-heading wp-block-themeisle-blocks-advanced-heading-bc36dd7f\">Nasze specjalizacje<\/h2>\n<\/div>\n<\/div><\/div>\n\n\n\n<div class=\"wp-block-themeisle-blocks-advanced-columns alignfull has-3-columns has-desktop-equal-layout has-tablet-equal-layout has-mobile-collapsedRows-layout has-default-gap has-vertical-unset\" id=\"wp-block-themeisle-blocks-advanced-columns-31e21002\"><div class=\"wp-block-themeisle-blocks-advanced-columns-overlay\"><\/div><div class=\"innerblocks-wrap\">\n<div class=\"wp-block-themeisle-blocks-advanced-column\" id=\"wp-block-themeisle-blocks-advanced-column-c9be9e5d\">\n<div class=\"wp-block-image\"><figure class=\"aligncenter size-full\"><img loading=\"lazy\" decoding=\"async\" width=\"56\" height=\"55\" src=\"http:\/\/www.mkcautomatyka.pl\/wp-content\/uploads\/2021\/10\/Bulb.png\" alt=\"\" class=\"wp-image-223\"\/><\/figure><\/div>\n\n\n\n<h3 id=\"wp-block-themeisle-blocks-advanced-heading-0844e979\" class=\"wp-block-themeisle-blocks-advanced-heading wp-block-themeisle-blocks-advanced-heading-0844e979\">Instalacje <br>elektryczne<\/h3>\n<\/div>\n\n\n\n<div class=\"wp-block-themeisle-blocks-advanced-column\" id=\"wp-block-themeisle-blocks-advanced-column-6973b905\">\n<div class=\"wp-block-image\"><figure class=\"aligncenter size-full\"><img loading=\"lazy\" decoding=\"async\" width=\"56\" height=\"55\" src=\"http:\/\/www.mkcautomatyka.pl\/wp-content\/uploads\/2021\/10\/Plug.png\" alt=\"\" class=\"wp-image-226\"\/><\/figure><\/div>\n\n\n\n<h3 id=\"wp-block-themeisle-blocks-advanced-heading-4ece72b2\" class=\"wp-block-themeisle-blocks-advanced-heading wp-block-themeisle-blocks-advanced-heading-4ece72b2\">Automatyka przemys\u0142owa<\/h3>\n<\/div>\n\n\n\n<div class=\"wp-block-themeisle-blocks-advanced-column\" id=\"wp-block-themeisle-blocks-advanced-column-dbae4f08\">\n<div class=\"wp-block-image\"><figure class=\"aligncenter size-full\"><img loading=\"lazy\" decoding=\"async\" width=\"56\" height=\"55\" src=\"http:\/\/www.mkcautomatyka.pl\/wp-content\/uploads\/2021\/10\/Windmill.png\" alt=\"\" class=\"wp-image-227\"\/><\/figure><\/div>\n\n\n\n<h3 id=\"wp-block-themeisle-blocks-advanced-heading-dc433383\" class=\"wp-block-themeisle-blocks-advanced-heading wp-block-themeisle-blocks-advanced-heading-dc433383\">Energia<br>odnawialna<\/h3>\n<\/div>\n<\/div><\/div>\n\n\n\n<div class=\"wp-block-themeisle-blocks-advanced-columns alignfull has-2-columns has-desktop-equal-layout has-tablet-equal-layout has-mobile-collapsedRows-layout has-default-gap has-vertical-center\" id=\"wp-block-themeisle-blocks-advanced-columns-b9f55380\"><div class=\"wp-block-themeisle-blocks-advanced-columns-overlay\"><\/div><div class=\"innerblocks-wrap\">\n<div class=\"wp-block-themeisle-blocks-advanced-column\" id=\"wp-block-themeisle-blocks-advanced-column-a2fe9964\">\n<figure class=\"wp-block-image size-full\"><img loading=\"lazy\" decoding=\"async\" width=\"394\" height=\"409\" src=\"http:\/\/www.mkcautomatyka.pl\/wp-content\/uploads\/2021\/10\/tablica-1.jpg\" alt=\"\" class=\"wp-image-242\" srcset=\"https:\/\/www.mkcautomatyka.pl\/wp-content\/uploads\/2021\/10\/tablica-1.jpg 394w, https:\/\/www.mkcautomatyka.pl\/wp-content\/uploads\/2021\/10\/tablica-1-289x300.jpg 289w\" sizes=\"auto, (max-width: 394px) 100vw, 394px\" \/><\/figure>\n<\/div>\n\n\n\n<div class=\"wp-block-themeisle-blocks-advanced-column\" id=\"wp-block-themeisle-blocks-advanced-column-506cf6c7\">\n<h2 id=\"wp-block-Aboutus\" class=\"wp-block-themeisle-blocks-advanced-heading wp-block-Aboutus\">O nas<\/h2>\n\n\n\n<p class=\"has-white-color has-text-color\">Dzia\u0142alno\u015b\u0107 prowadzimy od roku 2001.  Na pocz\u0105tku zajmowali\u015bmy si\u0119 g\u0142\u00f3wnie instalacjami elektrycznymi w mieszkaniach i domach jednorodzinnych, zar\u00f3wno wewn\u0119trzne jak i przy\u0142\u0105cza energetyczne. P\u00f3\u017aniej rozszerzyli\u015bmy zakres naszych us\u0142ug o automatyk\u0119 instalacji wentylacyjnych, instalacje TV i alarmowe. Dbamy o naszych klient\u00f3w wykonuj\u0105c okresowe pomiary kontrolne stanowi\u0105ce wa\u017cny czynnik bezpiecze\u0144stwa, ale istotne r\u00f3wnie\u017c w zwi\u0105zku z polisami ubezpieczeniowymi. W ostatnim czasie zajmujemy si\u0119 r\u00f3wnie\u017c automatyk\u0105 budynkow\u0105.<\/p>\n<\/div>\n<\/div><\/div>\n\n\n\n<div class=\"wp-block-themeisle-blocks-advanced-columns alignfull has-2-columns has-desktop-equal-layout has-tablet-equal-layout has-mobile-collapsedRows-layout has-default-gap has-vertical-unset\" id=\"Kontakt-Form\"><div class=\"wp-block-themeisle-blocks-advanced-columns-overlay\"><\/div><div class=\"innerblocks-wrap\">\n<div class=\"wp-block-themeisle-blocks-advanced-column\" id=\"wp-block-themeisle-blocks-advanced-column-bb237b6e\">\n<h2 id=\"Kotwica1\" class=\"wp-block-themeisle-blocks-advanced-heading Kotwica1\">Zapraszamy do kontaktu<\/h2>\n\n\n\n<p>Masz pytanie dotycz\u0105ce tego czym si\u0119 zajmujemy? Wy\u015blij do nas wiadomo\u015b\u0107 e-mail lub skorzystaj z formularza kontaktowego. Zapraszamy.<\/p>\n\n\n\n<div id=\"wp-block-themeisle-blocks-button-group-3adf0685\" class=\"wp-block-themeisle-blocks-button-group wp-block-buttons\">\n<div id=\"wp-block-themeisle-blocks-button-a0bab6a5\" class=\"wp-block-themeisle-blocks-button wp-block-button\"><a href=\"\" target=\"_self\" rel=\"noopener noreferrer\" class=\"wp-block-button__link\"><i class=\"fas fa-fw fa-map-marker-alt margin-right\"><\/i><span>Pomorska 5\/6\/6A, 90-201 \u0141\u00f3d\u017a, Polska<\/span><\/a><\/div>\n<\/div>\n\n\n\n<h3 id=\"wp-block-themeisle-blocks-advanced-heading-4320c4f7\" class=\"wp-block-themeisle-blocks-advanced-heading wp-block-themeisle-blocks-advanced-heading-4320c4f7\">MKCautomatyka<\/h3>\n\n\n\n<div id=\"wp-block-themeisle-blocks-button-group-c9f2370e\" class=\"wp-block-themeisle-blocks-button-group wp-block-buttons\">\n<div id=\"wp-block-themeisle-blocks-button-1fab9da1\" class=\"wp-block-themeisle-blocks-button wp-block-button\"><a href=\"\" target=\"_self\" rel=\"noopener noreferrer\" class=\"wp-block-button__link\"><i class=\"fas fa-fw fa-phone margin-right\"><\/i><span>+48 607 518 980<\/span><\/a><\/div>\n<\/div>\n\n\n\n<div id=\"wp-block-themeisle-blocks-button-group-838f6aa8\" class=\"wp-block-themeisle-blocks-button-group wp-block-buttons\">\n<div id=\"wp-block-themeisle-blocks-button-0f05f1d0\" class=\"wp-block-themeisle-blocks-button wp-block-button\"><a href=\"\" target=\"_self\" rel=\"noopener noreferrer\" class=\"wp-block-button__link\"><i class=\"fas fa-fw fa-envelope margin-right\"><\/i><span>biuro@mkcautomatyka.pl<\/span><\/a><\/div>\n<\/div>\n<\/div>\n\n\n\n<div class=\"wp-block-themeisle-blocks-advanced-column\" id=\"wp-block-themeisle-blocks-advanced-column-78465469\"><div class=\"wpforms-container wpforms-container-full\" id=\"wpforms-272\"><form id=\"wpforms-form-272\" class=\"wpforms-validate wpforms-form wpforms-ajax-form\" data-formid=\"272\" method=\"post\" enctype=\"multipart\/form-data\" action=\"\/index.php?rest_route=%2Fwp%2Fv2%2Fpages%2F86\" data-token=\"14f1654f5913f08304d4f97cb4d7b6dd\"><noscript class=\"wpforms-error-noscript\">Please enable JavaScript in your browser to complete this form.<\/noscript><div class=\"wpforms-field-container\"><div id=\"wpforms-272-field_0-container\" class=\"wpforms-field wpforms-field-name\" data-field-id=\"0\"><label class=\"wpforms-field-label\" for=\"wpforms-272-field_0\">Imi\u0119 i nazwisko <span class=\"wpforms-required-label\">*<\/span><\/label><input type=\"text\" id=\"wpforms-272-field_0\" class=\"wpforms-field-medium wpforms-field-required\" name=\"wpforms[fields][0]\" required><\/div><div id=\"wpforms-272-field_1-container\" class=\"wpforms-field wpforms-field-email\" data-field-id=\"1\"><label class=\"wpforms-field-label\" for=\"wpforms-272-field_1\">Email <span class=\"wpforms-required-label\">*<\/span><\/label><input type=\"email\" id=\"wpforms-272-field_1\" class=\"wpforms-field-medium wpforms-field-required\" name=\"wpforms[fields][1]\" required><\/div><div id=\"wpforms-272-field_2-container\" class=\"wpforms-field wpforms-field-textarea\" data-field-id=\"2\"><label class=\"wpforms-field-label\" for=\"wpforms-272-field_2\">Wiadomo\u015b\u0107 <span class=\"wpforms-required-label\">*<\/span><\/label><textarea id=\"wpforms-272-field_2\" class=\"wpforms-field-medium wpforms-field-required\" name=\"wpforms[fields][2]\" required><\/textarea><\/div><\/div><div class=\"wpforms-submit-container\" ><input type=\"hidden\" name=\"wpforms[id]\" value=\"272\"><input type=\"hidden\" name=\"wpforms[author]\" value=\"1\"><button type=\"submit\" name=\"wpforms[submit]\" class=\"wpforms-submit \" id=\"wpforms-submit-272\" value=\"wpforms-submit\" aria-live=\"assertive\" data-alt-text=\"Wysy\u0142anie ...\" data-submit-text=\"Wy\u015blij\">Wy\u015blij<\/button><img loading=\"lazy\" decoding=\"async\" src=\"https:\/\/www.mkcautomatyka.pl\/wp-content\/plugins\/wpforms-lite\/assets\/images\/submit-spin.svg\" class=\"wpforms-submit-spinner\" style=\"display: none;\" width=\"26\" height=\"26\" alt=\"\"><\/div><\/form><\/div>  <!-- .wpforms-container --><\/div>\n<\/div><\/div>\n\n\n\n<div class=\"wp-block-themeisle-blocks-advanced-columns alignfull has-1-columns has-desktop-equal-layout has-tablet-equal-layout has-mobile-equal-layout has-default-gap has-vertical-unset\" id=\"wp-block-themeisle-blocks-advanced-columns-6ebe6d43\"><div class=\"wp-block-themeisle-blocks-advanced-columns-overlay\"><\/div><div class=\"innerblocks-wrap\">\n<div class=\"wp-block-themeisle-blocks-advanced-column\" id=\"wp-block-themeisle-blocks-advanced-column-6c781174\">\n<div class=\"wp-block-image\"><figure class=\"aligncenter size-large\"><img loading=\"lazy\" decoding=\"async\" width=\"1024\" height=\"547\" src=\"http:\/\/www.mkcautomatyka.pl\/wp-content\/uploads\/2021\/10\/logo-alt-rgb-bez-tla-nie-do-druku-2-1024x547.png\" alt=\"\" class=\"wp-image-219\" srcset=\"https:\/\/www.mkcautomatyka.pl\/wp-content\/uploads\/2021\/10\/logo-alt-rgb-bez-tla-nie-do-druku-2-1024x547.png 1024w, https:\/\/www.mkcautomatyka.pl\/wp-content\/uploads\/2021\/10\/logo-alt-rgb-bez-tla-nie-do-druku-2-300x160.png 300w, https:\/\/www.mkcautomatyka.pl\/wp-content\/uploads\/2021\/10\/logo-alt-rgb-bez-tla-nie-do-druku-2-768x410.png 768w, https:\/\/www.mkcautomatyka.pl\/wp-content\/uploads\/2021\/10\/logo-alt-rgb-bez-tla-nie-do-druku-2-1536x820.png 1536w, https:\/\/www.mkcautomatyka.pl\/wp-content\/uploads\/2021\/10\/logo-alt-rgb-bez-tla-nie-do-druku-2-2048x1094.png 2048w\" sizes=\"auto, (max-width: 1024px) 100vw, 1024px\" \/><\/figure><\/div>\n<\/div>\n<\/div><\/div>\n","protected":false},"excerpt":{"rendered":"","protected":false},"author":1,"featured_media":0,"parent":0,"menu_order":0,"comment_status":"closed","ping_status":"closed","template":"page-templates\/template-pagebuilder-full-width.php","meta":{"neve_meta_sidebar":"full-width","neve_meta_container":"","neve_meta_enable_content_width":"on","neve_meta_content_width":100,"neve_meta_title_alignment":"","neve_meta_author_avatar":"","neve_post_elements_order":"","neve_meta_disable_header":"","neve_meta_disable_footer":"","neve_meta_disable_title":"","_themeisle_gutenberg_block_has_review":false,"_ti_tpc_template_sync":false,"_ti_tpc_template_id":"td9kxtrvh5ft79amh21s","footnotes":""},"class_list":["post-86","page","type-page","status-publish","hentry"],"_links":{"self":[{"href":"https:\/\/www.mkcautomatyka.pl\/index.php?rest_route=\/wp\/v2\/pages\/86","targetHints":{"allow":["GET"]}}],"collection":[{"href":"https:\/\/www.mkcautomatyka.pl\/index.php?rest_route=\/wp\/v2\/pages"}],"about":[{"href":"https:\/\/www.mkcautomatyka.pl\/index.php?rest_route=\/wp\/v2\/types\/page"}],"author":[{"embeddable":true,"href":"https:\/\/www.mkcautomatyka.pl\/index.php?rest_route=\/wp\/v2\/users\/1"}],"replies":[{"embeddable":true,"href":"https:\/\/www.mkcautomatyka.pl\/index.php?rest_route=%2Fwp%2Fv2%2Fcomments&post=86"}],"version-history":[{"count":28,"href":"https:\/\/www.mkcautomatyka.pl\/index.php?rest_route=\/wp\/v2\/pages\/86\/revisions"}],"predecessor-version":[{"id":316,"href":"https:\/\/www.mkcautomatyka.pl\/index.php?rest_route=\/wp\/v2\/pages\/86\/revisions\/316"}],"wp:attachment":[{"href":"https:\/\/www.mkcautomatyka.pl\/index.php?rest_route=%2Fwp%2Fv2%2Fmedia&parent=86"}],"curies":[{"name":"wp","href":"https:\/\/api.w.org\/{rel}","templated":true}]}}